{"id":47,"date":"2014-04-19T01:25:14","date_gmt":"2014-04-18T23:25:14","guid":{"rendered":"http:\/\/dieter-radelt.de\/?page_id=47"},"modified":"2018-04-05T23:34:53","modified_gmt":"2018-04-05T21:34:53","slug":"vorbereitungstouren","status":"publish","type":"page","link":"http:\/\/dieter-radelt.de\/?page_id=47","title":{"rendered":"Vorbereitungstouren 2014"},"content":{"rendered":"<p>Als Training und zur Gew\u00f6hnung an das Gewicht von vier Satteltaschen &#8230;<\/p>\n\n<table id=\"tablepress-1\" class=\"tablepress tablepress-id-1\">\n<thead>\n<tr class=\"row-1\">\n\t<th class=\"column-1\">Tag<\/th><th class=\"column-2\">Stationen<\/th><th class=\"column-3\">Entf.<\/th>\n<\/tr>\n<\/thead>\n<tbody class=\"row-hover\">\n<tr class=\"row-2\">\n\t<td class=\"column-1\">So., 13. Apr.<\/td><td class=\"column-2\"><a href=\"http:\/\/www.gpsies.com\/map.do?fileId=qpbhwyxtuyrdexta\">Neuhausen - Harthausen - Gr\u00f6tzingen - Aichtal - Schaichtal<\/a> - und zur\u00fcck<\/td><td class=\"column-3\">30 km<\/td>\n<\/tr>\n<tr class=\"row-3\">\n\t<td class=\"column-1\">Fr., 18. Apr.<\/td><td class=\"column-2\"><a href=\"http:\/\/www.gpsies.com\/map.do?fileId=vkjovroudwqeegts\">Denkendorf - K\u00f6ngen - Unterensingen - Unterensingen - Zizishausen - Gr\u00f6tzingen<\/a><\/td><td class=\"column-3\">28 km<\/td>\n<\/tr>\n<tr class=\"row-4\">\n\t<td class=\"column-1\">Mo., 21. Apr.<\/td><td class=\"column-2\"><a href=\"http:\/\/www.gpsies.com\/map.do?fileId=tdfaimithmmdiwve\">Fernsehturm - Rohracker - Uhlbach - R\u00fcdern - Esslingen - Sirnau - Denkendorf<\/a><\/td><td class=\"column-3\">47 km<\/td>\n<\/tr>\n<tr class=\"row-5\">\n\t<td class=\"column-1\">So., 27. Apr.<\/td><td class=\"column-2\"><a href=\"http:\/\/www.gpsies.com\/map.do?fileId=bgbtvpoauexuzclh\">Nellingen - Sillenbuch -Degerloch - Vaihingen  -  Oberaichen - Stetten - Bonlanden - Wolfschlugen<\/a><\/td><td class=\"column-3\">60 km<\/td>\n<\/tr>\n<tr class=\"row-6\">\n\t<td class=\"column-1\">Sa., 3. Mai<\/td><td class=\"column-2\"><a href=\"http:\/\/www.gpsies.com\/map.do?fileId=simyktlfoalssmpn\">K\u00f6ngen - Plochingen - Hochdorf - Ro\u00dfw\u00e4lden - Schlierbach - Aichelberg<\/a><\/td><td class=\"column-3\">35 km<\/td>\n<\/tr>\n<tr class=\"row-7\">\n\t<td class=\"column-1\">So., 4. Mai<\/td><td class=\"column-2\"><a href=\"http:\/\/www.gpsies.com\/map.do?fileId=awimukcuvzwhwoun\">Holzmaden - Kirchheim - Wendlingen - K\u00f6ngen - Neuhausen<\/a><\/td><td class=\"column-3\">25 km<\/td>\n<\/tr>\n<tr class=\"row-8\">\n\t<td class=\"column-1\">?., ?. Mai<\/td><td class=\"column-2\">...<\/td><td class=\"column-3\">~ km<\/td>\n<\/tr>\n<\/tbody>\n<\/table>\n<!-- #tablepress-1 from cache -->\n","protected":false},"excerpt":{"rendered":"<p>Als Training und zur Gew\u00f6hnung an das Gewicht von vier Satteltaschen &#8230;<\/p>\n","protected":false},"author":1,"featured_media":0,"parent":0,"menu_order":0,"comment_status":"open","ping_status":"open","template":"","meta":{"jetpack_post_was_ever_published":false},"jetpack_sharing_enabled":true,"jetpack_shortlink":"https:\/\/wp.me\/P8rrdX-L","jetpack_likes_enabled":true,"_links":{"self":[{"href":"http:\/\/dieter-radelt.de\/index.php?rest_route=\/wp\/v2\/pages\/47"}],"collection":[{"href":"http:\/\/dieter-radelt.de\/index.php?rest_route=\/wp\/v2\/pages"}],"about":[{"href":"http:\/\/dieter-radelt.de\/index.php?rest_route=\/wp\/v2\/types\/page"}],"author":[{"embeddable":true,"href":"http:\/\/dieter-radelt.de\/index.php?rest_route=\/wp\/v2\/users\/1"}],"replies":[{"embeddable":true,"href":"http:\/\/dieter-radelt.de\/index.php?rest_route=%2Fwp%2Fv2%2Fcomments&post=47"}],"version-history":[{"count":5,"href":"http:\/\/dieter-radelt.de\/index.php?rest_route=\/wp\/v2\/pages\/47\/revisions"}],"predecessor-version":[{"id":1577,"href":"http:\/\/dieter-radelt.de\/index.php?rest_route=\/wp\/v2\/pages\/47\/revisions\/1577"}],"wp:attachment":[{"href":"http:\/\/dieter-radelt.de\/index.php?rest_route=%2Fwp%2Fv2%2Fmedia&parent=47"}],"curies":[{"name":"wp","href":"https:\/\/api.w.org\/{rel}","templated":true}]}}