{"id":1484,"date":"2015-06-12T23:54:58","date_gmt":"2015-06-12T21:54:58","guid":{"rendered":"http:\/\/dieter-radelt.de\/?page_id=1484"},"modified":"2018-04-05T23:23:42","modified_gmt":"2018-04-05T21:23:42","slug":"nachklang-2015","status":"publish","type":"page","link":"https:\/\/dieter-radelt.de\/?page_id=1484","title":{"rendered":"Nachklang 2017"},"content":{"rendered":"<p>Ich hatte die Worte vor der Tour 2014 immer sorgf\u00e4ltig gew\u00e4hlt und auch den Blog unter www.dieter-radelt.de so benannt: \u201e\u2026 zum Atlantik &#8211; Immer Richtung S\u00fcdwesten\u201c. Und wenn nach einem konkreten Ort gefragt wurde, dann habe ich immer Biarritz genannt \u2013 das Ziel, das Stephan Sievers und ich vor Jahrzehnten mal angedacht hatten. Mit Fahrrad, Zelt und Campingkocher einmal quer durch Frankreich.<\/p>\n<p>So viel h\u00e4tte schief gehen, dazwischen kommen oder mir zusto\u00dfen k\u00f6nnen. Ein Scheitern ist bei so einem Vorhaben immer drin, ein Abbrechen immer eine Option. Und es muss gar nicht gleich ein gro\u00dfer Unfall sein \u2013 k\u00f6rperliche Beschwerden, ein Infekt oder ein irreparabler Schaden am Fahrrad h\u00e4tten schon gen\u00fcgt und Biarritz w\u00e4re in weite Ferne ger\u00fcckt.<\/p>\n<p>Aber schon w\u00e4hrend der Planungsphase im Januar und Februar 2014 habe ich die M\u00f6glichkeit gesehen, dass alles rund l\u00e4uft, dass ich alle auftretenden Schwierigkeiten meistern und hin und wieder mal Gl\u00fcck haben k\u00f6nnte. Dann w\u00e4re in diesen f\u00fcnf Wochen auch eine Tour weit \u00fcber Biarritz hinaus m\u00f6glich.<\/p>\n<p>Es ist dann eine Fahrradtour quer durch Frankreich, Spanien und Portugal geworden. Rund 3.200 Kilometer von Neuhausen bis Lissabon. So erkl\u00e4ren sich auch einige Eintr\u00e4ge im Blog und in den Kommentaren, da ich Strecke und Ziel niemandem zuvor mitgeteilt hatte und sich das erst im Laufe der Tour offenbart hat.<\/p>\n<p>Dieser Blog wurde w\u00e4hrend der Tour 2014 ein wichtiger Begleiter f\u00fcr mich: Nicht nur die Familie und Freunde durch Bilder und Texte ganz nah teilhaben lassen \u2013 auch ich f\u00fchlte mich durch all die Kommentare begleitet. An dieser Stelle ein herzliches Dankesch\u00f6n f\u00fcr die zahlreichen und unterhaltsamen Anmerkungen und Kommentare.<\/p>\n<p>Inzwischen liegt diese Tour auch schon \u00fcber drei Jahre zur\u00fcck.  Ich erinnere mich immer wieder gerne, st\u00f6bere selber im Blog und sp\u00fcre dann wieder das Fahrrad unter mir, den Fahrtwind im Gesicht, die Sonne auf dem R\u00fccken, morgens das feuchte Gras und abends diese befriedigende M\u00fcdigkeit, die nur ein ausgef\u00fcllter Tag hinterlassen kann.<\/p>\n<p>2018 ist&#8217;s wieder soweit:  Ich werde mit meinem Rad wieder eine Spur quer durch Europa ziehen und mehrmals t\u00e4glich gibt&#8217;s hier dann wieder Bilder und Texte.  Dann unter der \u00dcberschrift &#8222;&#8230; zum Atlantik &#8211; immer Richtung Norden&#8220;.<\/p>\n<p>Dieter Merling<br \/>\nNeuhausen im Dezember 2017<\/p>\n","protected":false},"excerpt":{"rendered":"<p>Ich hatte die Worte vor der Tour 2014 immer sorgf\u00e4ltig gew\u00e4hlt und auch den Blog unter www.dieter-radelt.de so benannt: \u201e\u2026 zum Atlantik &#8211; Immer Richtung S\u00fcdwesten\u201c. Und wenn nach einem konkreten Ort gefragt wurde, dann habe ich immer Biarritz genannt \u2013 das Ziel, das Stephan Sievers und ich vor Jahrzehnten mal angedacht hatten. Mit Fahrrad, &hellip; <\/p>\n<p class=\"link-more\"><a href=\"https:\/\/dieter-radelt.de\/?page_id=1484\" class=\"more-link\"><span class=\"screen-reader-text\">\u201eNachklang 2017\u201c<\/span> weiterlesen<\/a><\/p>\n","protected":false},"author":1,"featured_media":0,"parent":0,"menu_order":0,"comment_status":"open","ping_status":"open","template":"","meta":{"jetpack_post_was_ever_published":false},"jetpack_sharing_enabled":true,"jetpack_shortlink":"https:\/\/wp.me\/P8rrdX-nW","jetpack_likes_enabled":true,"_links":{"self":[{"href":"https:\/\/dieter-radelt.de\/index.php?rest_route=\/wp\/v2\/pages\/1484"}],"collection":[{"href":"https:\/\/dieter-radelt.de\/index.php?rest_route=\/wp\/v2\/pages"}],"about":[{"href":"https:\/\/dieter-radelt.de\/index.php?rest_route=\/wp\/v2\/types\/page"}],"author":[{"embeddable":true,"href":"https:\/\/dieter-radelt.de\/index.php?rest_route=\/wp\/v2\/users\/1"}],"replies":[{"embeddable":true,"href":"https:\/\/dieter-radelt.de\/index.php?rest_route=%2Fwp%2Fv2%2Fcomments&post=1484"}],"version-history":[{"count":9,"href":"https:\/\/dieter-radelt.de\/index.php?rest_route=\/wp\/v2\/pages\/1484\/revisions"}],"predecessor-version":[{"id":1576,"href":"https:\/\/dieter-radelt.de\/index.php?rest_route=\/wp\/v2\/pages\/1484\/revisions\/1576"}],"wp:attachment":[{"href":"https:\/\/dieter-radelt.de\/index.php?rest_route=%2Fwp%2Fv2%2Fmedia&parent=1484"}],"curies":[{"name":"wp","href":"https:\/\/api.w.org\/{rel}","templated":true}]}}