{"id":1586,"date":"2018-04-06T00:26:19","date_gmt":"2018-04-05T22:26:19","guid":{"rendered":"http:\/\/dieter-radelt.de\/?page_id=1586"},"modified":"2018-05-26T00:15:44","modified_gmt":"2018-05-25T22:15:44","slug":"route","status":"publish","type":"page","link":"https:\/\/dieter-radelt.de\/?page_id=1586","title":{"rendered":"Route"},"content":{"rendered":"<p>Start war Di., 15. Mai 2018 in Neuhausen.<br \/>\nEnde ist im Juli &#8211; sp\u00e4testens am 10. Juli bin ich dann wieder daheim.<\/p>\n<p>Die Route hab ich grob schon mal in folgende Tabelle eingetragen und wird w\u00e4hrend der Tour dann laufend erg\u00e4nzt:<\/p>\n\n<table id=\"tablepress-3\" class=\"tablepress tablepress-id-3\">\n<thead>\n<tr class=\"row-1\">\n\t<th class=\"column-1\">Tag<\/th><th class=\"column-2\">Orte<\/th><th class=\"column-3\">Entf.<\/th>\n<\/tr>\n<\/thead>\n<tbody class=\"row-hover\">\n<tr class=\"row-2\">\n\t<td class=\"column-1\">Di., 15. Mai<\/td><td class=\"column-2\">Esslingen - Stuttgart - Heilbronn - Neckarzimmern <\/td><td class=\"column-3\"><a href=\"https:\/\/connect.garmin.com\/modern\/activity\/2702066640\"> 122 km <\/a><\/td>\n<\/tr>\n<tr class=\"row-3\">\n\t<td class=\"column-1\">Mi., 16. Mai<\/td><td class=\"column-2\"><a href=\"https:\/\/www.gpsies.com\/map.do?fileId=osbuatlkbdkgxsoo\" >  Neckarzimmern - Mudau - Aschaffenburg - Karlstein\" <\/a><br \/>\n<\/td><td class=\"column-3\">113 km<\/td>\n<\/tr>\n<tr class=\"row-4\">\n\t<td class=\"column-1\">Do., 17. Mai<\/td><td class=\"column-2\"><a href=\"https:\/\/gpsies.com\/map.do?fileId=osbuatlkbdkgxsoo\" >  Karlstein - Gedern - Schlitz<\/a><br \/>\n<\/td><td class=\"column-3\">121 km<\/td>\n<\/tr>\n<tr class=\"row-5\">\n\t<td class=\"column-1\">Fr., 18. Mai <\/td><td class=\"column-2\"><a href=\"https:\/\/gpsies.com\/map.do?fileId=fdeaocyllhtveozi\" >  Schlitz - Bad Hersfeld - Melsungen <\/a><\/td><td class=\"column-3\">84 km<\/td>\n<\/tr>\n<tr class=\"row-6\">\n\t<td class=\"column-1\">Sa., 19. Mai<\/td><td class=\"column-2\"><a href=\"https:\/\/gpsies.com\/map.do?fileId=twddsptdcknkhcyo\" >  Melsungen - Kassel - Hann. M\u00fcnden - Dransfeld <\/a><\/td><td class=\"column-3\">88 km<\/td>\n<\/tr>\n<tr class=\"row-7\">\n\t<td class=\"column-1\">So., 20. Mai<\/td><td class=\"column-2\"><a href=\"https:\/\/gpsies.com\/map.do?fileId=fnefbfiihzhlwunv\" >  G\u00f6ttingen - Einbeck - Alfeld - Arnum <\/a><\/td><td class=\"column-3\">132 km<\/td>\n<\/tr>\n<tr class=\"row-8\">\n\t<td class=\"column-1\">Mo., 21. Mai<\/td><td class=\"column-2\"><a href=\"https:\/\/gpsies.com\/map.do?fileId=qwysqqydsdhkqclf\" >   Arnum - Hannover - Soltau <\/a><\/td><td class=\"column-3\">105 km<\/td>\n<\/tr>\n<tr class=\"row-9\">\n\t<td class=\"column-1\">Di., 22. Mai<\/td><td class=\"column-2\"><a href=\"https:\/\/gpsies.com\/map.do?fileId=qkpuglafewtxdfwi\" > Soltau  - L\u00fcneburger Heide - Hamburg <\/a><\/td><td class=\"column-3\">106 km<\/td>\n<\/tr>\n<tr class=\"row-10\">\n\t<td class=\"column-1\">Mi., 23. Mai<\/td><td class=\"column-2\"><a href=\"https:\/\/gpsies.com\/map.do?fileId=qmirjukmujpspuzd\" > Hamburg - Scharbeutz<\/a><\/td><td class=\"column-3\">102 km<\/td>\n<\/tr>\n<tr class=\"row-11\">\n\t<td class=\"column-1\">Do., 24. Mai<\/td><td class=\"column-2\"><a href=\"https:\/\/gpsies.com\/map.do?fileId=rodssprffuqrnbpr\" > Scharbeutz - Maribo <\/a><\/td><td class=\"column-3\">99 km<\/td>\n<\/tr>\n<tr class=\"row-12\">\n\t<td class=\"column-1\">Fr., 25. Mai<\/td><td class=\"column-2\"><a href=\"https:\/\/gpsies.com\/map.do?fileId=vlpbqtpciefrubvz\" > Maribo - Ish\u00f8j <\/a><\/td><td class=\"column-3\">124 km<\/td>\n<\/tr>\n<tr class=\"row-13\">\n\t<td class=\"column-1\">Sa., 26. Mai<\/td><td class=\"column-2\"><a href=\"https:\/\/gpsies.com\/map.do?fileId=zejrjcyommeoursf\" >   Ish\u00f8j - Kopenhagen - Helsingborg - \u00c4ngelholm <\/a><\/td><td class=\"column-3\">103 km<\/td>\n<\/tr>\n<tr class=\"row-14\">\n\t<td class=\"column-1\">So., 27. Mai<\/td><td class=\"column-2\"><a href=\"https:\/\/gpsies.com\/map.do?fileId=stvgsghoiskhoqai\" > \u00c4ngelholm -  Halmstad - Falkenberg - Bj\u00f6rk\u00e4ng<\/a><\/td><td class=\"column-3\">134 km<\/td>\n<\/tr>\n<tr class=\"row-15\">\n\t<td class=\"column-1\">Mo., 28. Mai<\/td><td class=\"column-2\"><a href=\"https:\/\/gpsies.com\/map.do?fileId=kbhodwjhzrsgcdrm\" > Bj\u00f6rk\u00e4ng - Varberg - G\u00f6teborg - Kung\u00e4lv <\/a><\/td><td class=\"column-3\">124 km<\/td>\n<\/tr>\n<tr class=\"row-16\">\n\t<td class=\"column-1\">Di., 29. Mai<\/td><td class=\"column-2\"><a href=\"https:\/\/gpsies.com\/map.do?fileId=ngadoyclgitldzvk\" > Kung\u00e4lv - Stenungsund - Lysekil <\/a><\/td><td class=\"column-3\">94 km<\/td>\n<\/tr>\n<tr class=\"row-17\">\n\t<td class=\"column-1\">Mi., 30. Mai<\/td><td class=\"column-2\"><a href=\"https:\/\/gpsies.com\/map.do?fileId=oeqhjgiplzjchfbw\" > Lysekil - Hamburgsund - H\u00f8ysand <\/a><\/td><td class=\"column-3\">141 km<\/td>\n<\/tr>\n<tr class=\"row-18\">\n\t<td class=\"column-1\">Do., 31. Mai<\/td><td class=\"column-2\"><a href=\"https:\/\/gpsies.com\/map.do?fileId=egzjukrzpvypdrdm\" > H\u00f8ysand - Sarpsborg - Ski - Oslo<\/a><\/td><td class=\"column-3\">120 km<\/td>\n<\/tr>\n<tr class=\"row-19\">\n\t<td class=\"column-1\">Fr., 1. Juni<\/td><td class=\"column-2\">Oslo \/ Ruhetag<\/td><td class=\"column-3\">  0 km<\/td>\n<\/tr>\n<tr class=\"row-20\">\n\t<td class=\"column-1\">Sa., 2. Juni<\/td><td class=\"column-2\"><a href=\"https:\/\/gpsies.com\/map.do?fileId=xcebnbsidpfnsmao\" > Oslo - Jessheim - Tangen <\/a><\/td><td class=\"column-3\">114 km<\/td>\n<\/tr>\n<tr class=\"row-21\">\n\t<td class=\"column-1\">So., 3. Juni<\/td><td class=\"column-2\"><a href=\"https:\/\/gpsies.com\/map.do?fileId=xghozmztqsdmpyhl\" > Tangen - Elverum - Koppang <\/a><\/td><td class=\"column-3\">137 km<\/td>\n<\/tr>\n<tr class=\"row-22\">\n\t<td class=\"column-1\">Mo., 4. Juni<\/td><td class=\"column-2\"><a href=\"https:\/\/gpsies.com\/map.do?fileId=ooqgnkcmgkkyxoty\" > Koppang - Atna - Alvdal <\/a><\/td><td class=\"column-3\"> 88 km<\/td>\n<\/tr>\n<tr class=\"row-23\">\n\t<td class=\"column-1\">Di., 5. Juni<\/td><td class=\"column-2\"><a href=\"https:\/\/gpsies.com\/map.do?fileId=pvinbomxptxiznfw\" > Alvdal - Tynset - Kvikne - Berk\u00e5k <\/a><\/td><td class=\"column-3\">116 km<\/td>\n<\/tr>\n<tr class=\"row-24\">\n\t<td class=\"column-1\">Mi. 6. Juni<\/td><td class=\"column-2\"><a href=\"https:\/\/gpsies.com\/map.do?fileId=ykiprhprknitoplk\" > Berk\u00e5k - St\u00f8ren - Trondheim <\/a><\/td><td class=\"column-3\">86 km<\/td>\n<\/tr>\n<tr class=\"row-25\">\n\t<td class=\"column-1\">Do., 7. Juni<\/td><td class=\"column-2\">Trondheim \/ Ruhetag<\/td><td class=\"column-3\"> 15 km<\/td>\n<\/tr>\n<tr class=\"row-26\">\n\t<td class=\"column-1\">Fr., 8. Juni<\/td><td class=\"column-2\"><a href=\"https:\/\/gpsies.com\/map.do?fileId=bgewkqbidyrhhbxw\" > Trondheim - Vanvikan - Malm - Namsenfjord <\/a><\/td><td class=\"column-3\">126 km<\/td>\n<\/tr>\n<tr class=\"row-27\">\n\t<td class=\"column-1\">Sa., 9. Juni<\/td><td class=\"column-2\"><a href=\"https:\/\/gpsies.com\/map.do?fileId=rccfutjeepcvuesp\" > Namsenfjord - Namsos - Kolvereid <\/a><\/td><td class=\"column-3\"> 96 km<\/td>\n<\/tr>\n<tr class=\"row-28\">\n\t<td class=\"column-1\">So., 10. Juni<\/td><td class=\"column-2\"><a href=\"https:\/\/gpsies.com\/map.do?fileId=qsblueswxnucssim\" > Kolvereid - Holm - Vik - Br\u00f8nn\u00f8ysund <\/a><\/td><td class=\"column-3\">123 km<\/td>\n<\/tr>\n<tr class=\"row-29\">\n\t<td class=\"column-1\">Mo., 11. Juni<\/td><td class=\"column-2\"><a href=\"https:\/\/gpsies.com\/map.do?fileId=kbewuednksjpvyla\" > Br\u00f8nn\u00f8ysund - Horn - Forvik - Nesna <\/a><\/td><td class=\"column-3\">103 km<\/td>\n<\/tr>\n<tr class=\"row-30\">\n\t<td class=\"column-1\">Di., 12. Juni<\/td><td class=\"column-2\"><a href=\"https:\/\/gpsies.com\/map.do?fileId=iitkozqglpiskhwg\" > Nesna - Kilboghamn - Fur\u00f8y <\/a><\/td><td class=\"column-3\">117 km<\/td>\n<\/tr>\n<tr class=\"row-31\">\n\t<td class=\"column-1\">Mi., 13. Juni<\/td><td class=\"column-2\"> <a href=\"https:\/\/gpsies.com\/map.do?fileId=bvrfgkcpndqbzkdn\" > Fur\u00f8y - \u00d8rnes - Kjelling <\/a><\/td><td class=\"column-3\"> 89 km<\/td>\n<\/tr>\n<tr class=\"row-32\">\n\t<td class=\"column-1\">Do., 14. Juni<\/td><td class=\"column-2\"><a href=\"https:\/\/gpsies.com\/map.do?fileId=vljxmylffoofigbe\" > Kjelling - Bod\u00f8 - Reine (Lofoten) <\/a><\/td><td class=\"column-3\"> 80 km<\/td>\n<\/tr>\n<tr class=\"row-33\">\n\t<td class=\"column-1\">Fr., 15. Juni<\/td><td class=\"column-2\">Lofoten \/ Ruhetag <\/td><td class=\"column-3\">  0 km<\/td>\n<\/tr>\n<tr class=\"row-34\">\n\t<td class=\"column-1\">Sa., 16. Juni<\/td><td class=\"column-2\">Lofoten \/ Ruhetag <\/td><td class=\"column-3\">  0 km<\/td>\n<\/tr>\n<tr class=\"row-35\">\n\t<td class=\"column-1\">So., 17. Juni<\/td><td class=\"column-2\"><a href=\"https:\/\/gpsies.com\/map.do?fileId=ivobymqgivyucjkg\" > Reine - Leknes - Svolv\u00e6r (Lofoten) <\/a><\/td><td class=\"column-3\">132 km<\/td>\n<\/tr>\n<tr class=\"row-36\">\n\t<td class=\"column-1\">Mo., 18. Juni<\/td><td class=\"column-2\"><a href=\"https:\/\/gpsies.com\/map.do?fileId=uuiaogwpjyfakbkl\" > Svolv\u00e6r - Stokmarknes - Sortland - And\u00f8y <\/a><\/td><td class=\"column-3\">106 km<\/td>\n<\/tr>\n<tr class=\"row-37\">\n\t<td class=\"column-1\">Di., 19. Juni<\/td><td class=\"column-2\"><a href=\"https:\/\/gpsies.com\/map.do?fileId=khqankhpjozmwocs\" > And\u00f8y - Andenes - Ersfjord <\/a><\/td><td class=\"column-3\">120 km<\/td>\n<\/tr>\n<tr class=\"row-38\">\n\t<td class=\"column-1\">Mi. 20. Juni<\/td><td class=\"column-2\"><a href=\"https:\/\/gpsies.com\/map.do?fileId=ajdephtmowhryuic\" > Ersfjord -Botnhamn - Troms\u00f8 <\/a><\/td><td class=\"column-3\"> 87 km<\/td>\n<\/tr>\n<tr class=\"row-39\">\n\t<td class=\"column-1\">Do. 21. Juni<\/td><td class=\"column-2\"><a href=\"https:\/\/gpsies.com\/map.do?fileId=nigvemtnmkajqenc\" > Troms\u00f8 - Olderdalen - Storslett   <\/a><\/td><td class=\"column-3\">113 km<\/td>\n<\/tr>\n<tr class=\"row-40\">\n\t<td class=\"column-1\">Fr., 22. Juni<\/td><td class=\"column-2\"><a href=\"https:\/\/gpsies.com\/map.do?fileId=webfhqjdgljujjvz\" > Storslett - S\u00f8rstraumen - Altafjord   <\/a><\/td><td class=\"column-3\"> 98 km<\/td>\n<\/tr>\n<tr class=\"row-41\">\n\t<td class=\"column-1\">Sa., 23. Juni<\/td><td class=\"column-2\"><a href=\"https:\/\/gpsies.com\/map.do?fileId=jqfrfuqariwndxdk\" > Altafjord - Talvik - Alta  <\/a><\/td><td class=\"column-3\"> 82 km<\/td>\n<\/tr>\n<tr class=\"row-42\">\n\t<td class=\"column-1\">So., 24. Juni<\/td><td class=\"column-2\"><a href=\"https:\/\/gpsies.com\/map.do?fileId=bmscpqgokqqogktu\" > Alta - Skaida - Repv\u00e5g <\/a><\/td><td class=\"column-3\">146 km<\/td>\n<\/tr>\n<tr class=\"row-43\">\n\t<td class=\"column-1\">Mo., 25. Juni<\/td><td class=\"column-2\"><a href=\"https:\/\/gpsies.com\/map.do?fileId=pvaizaysqcnmfwpf\" > Repv\u00e5g - Honningsv\u00e5g - Nordkap <\/a><\/td><td class=\"column-3\"> 86 km<\/td>\n<\/tr>\n<tr class=\"row-44\">\n\t<td class=\"column-1\">Di., 26. Juni<\/td><td class=\"column-2\">Honningsv\u00e5g \/ Ruhetag<\/td><td class=\"column-3\">  0 km<\/td>\n<\/tr>\n<tr class=\"row-45\">\n\t<td class=\"column-1\">Mi., 27. Juni <\/td><td class=\"column-2\">R\u00fcckreise \/ Hurtigruten<\/td><td class=\"column-3\"><\/td>\n<\/tr>\n<tr class=\"row-46\">\n\t<td class=\"column-1\">Do., 28. Juni<\/td><td class=\"column-2\">R\u00fcckreise \/ Hurtigruten<\/td><td class=\"column-3\"><\/td>\n<\/tr>\n<tr class=\"row-47\">\n\t<td class=\"column-1\">Fr., 29. Juni<\/td><td class=\"column-2\">Zug ab Bod\u00f8<\/td><td class=\"column-3\"><\/td>\n<\/tr>\n<tr class=\"row-48\">\n\t<td class=\"column-1\">Sa., 30. Juni<\/td><td class=\"column-2\">Zug an Oslo<\/td><td class=\"column-3\"><\/td>\n<\/tr>\n<tr class=\"row-49\">\n\t<td class=\"column-1\">So., 1. Juli<\/td><td class=\"column-2\">F\u00e4hre ab Oslo<\/td><td class=\"column-3\"><\/td>\n<\/tr>\n<tr class=\"row-50\">\n\t<td class=\"column-1\">Mo., 2. Juli<\/td><td class=\"column-2\">F\u00e4hre an Kiel \/ Bahn nach Stuttgart <\/td><td class=\"column-3\"><\/td>\n<\/tr>\n<\/tbody>\n<\/table>\n<!-- #tablepress-3 from cache -->\n","protected":false},"excerpt":{"rendered":"<p>Start war Di., 15. Mai 2018 in Neuhausen. Ende ist im Juli &#8211; sp\u00e4testens am 10. Juli bin ich dann wieder daheim. Die Route hab ich grob schon mal in folgende Tabelle eingetragen und wird w\u00e4hrend der Tour dann laufend erg\u00e4nzt:<\/p>\n","protected":false},"author":1,"featured_media":0,"parent":0,"menu_order":0,"comment_status":"closed","ping_status":"closed","template":"","meta":{"jetpack_post_was_ever_published":false},"jetpack_sharing_enabled":true,"jetpack_shortlink":"https:\/\/wp.me\/P8rrdX-pA","jetpack_likes_enabled":true,"_links":{"self":[{"href":"https:\/\/dieter-radelt.de\/index.php?rest_route=\/wp\/v2\/pages\/1586"}],"collection":[{"href":"https:\/\/dieter-radelt.de\/index.php?rest_route=\/wp\/v2\/pages"}],"about":[{"href":"https:\/\/dieter-radelt.de\/index.php?rest_route=\/wp\/v2\/types\/page"}],"author":[{"embeddable":true,"href":"https:\/\/dieter-radelt.de\/index.php?rest_route=\/wp\/v2\/users\/1"}],"replies":[{"embeddable":true,"href":"https:\/\/dieter-radelt.de\/index.php?rest_route=%2Fwp%2Fv2%2Fcomments&post=1586"}],"version-history":[{"count":9,"href":"https:\/\/dieter-radelt.de\/index.php?rest_route=\/wp\/v2\/pages\/1586\/revisions"}],"predecessor-version":[{"id":1874,"href":"https:\/\/dieter-radelt.de\/index.php?rest_route=\/wp\/v2\/pages\/1586\/revisions\/1874"}],"wp:attachment":[{"href":"https:\/\/dieter-radelt.de\/index.php?rest_route=%2Fwp%2Fv2%2Fmedia&parent=1586"}],"curies":[{"name":"wp","href":"https:\/\/api.w.org\/{rel}","templated":true}]}}