{"id":2,"date":"2014-04-10T19:34:14","date_gmt":"2014-04-10T19:34:14","guid":{"rendered":"http:\/\/dieter-radelt.de\/?page_id=2"},"modified":"2015-06-13T00:15:27","modified_gmt":"2015-06-12T22:15:27","slug":"sample-page","status":"publish","type":"page","link":"https:\/\/dieter-radelt.de\/?page_id=2","title":{"rendered":"Die Idee"},"content":{"rendered":"<p>Juli 1982: Wir kommen nach \u00fcber 1.000 km mit dem Fahrrad in Le Grau-du-Roi am Mittelmeer an &#8211; Stephan Sievers, Matthias H\u00f6schele und ich &#8211; und schon denken wir \u00fcber m\u00f6gliche Ziele f\u00fcr die n\u00e4chste Tour nach.\u00a0 Atlantik klingt magisch und soll das Ziel der n\u00e4chsten Fahrradtour werden.\u00a0 Aber irgendwie waren dann jahrelang andere Dinge &#8211; auch andere Urlaubsziele &#8211; wichtiger.\u00a0 Und wir verlieren uns und unser Tourziel aus den Augen &#8230;<\/p>\n<p>&#8222;<em>Wenn Du das jetzt nicht machst, dann radelst Du nie mehr los<\/em>&#8220; &#8211; vermutlich hat meine Tochter recht.\u00a0 32 Jahre sp\u00e4ter nehme ich meinen Jugendtraum wieder auf: Einmal an den Atlantik radeln. Und zwar mit Zelt und Schlafsack, wie schon 1982.<\/p>\n<p>Diesmal werde ich jedoch allein unterwegs sein &#8211; es gibt einfach niemanden, dem dieses Ziel und der Weg dorthin auf einem Fahrrad genauso wichtig sind.<\/p>\n<p>Nicht im Hochsommer, wenn es zu hei\u00df ist und nicht im Herbst, wenn die Tage schon wieder merklich k\u00fcrzer werden. Dann gibt es Familienfeste und Geburtstage, bei denen ich auch nicht fehlen will. So schrumpfte das Zeitfenster f\u00fcr eine solche Tour schnell zusammen.<\/p>\n<p>Start war dann am<br \/>\n<a href=\"http:\/\/dieter-radelt.de\/?p=160\">Montag, 26. Mai in Neuhausen<\/a>,<br \/>\n<a href=\"http:\/\/dieter-radelt.de\/?p=576\">Sonntag, 8. Juni in Biarritz<\/a>,<br \/>\n<a href=\"http:\/\/dieter-radelt.de\/?p=899\">Dienstag, 17. Juni in Santiago<\/a> und<br \/>\n<a href=\"http:\/\/dieter-radelt.de\/?p=1207\">Mittwoch, 25. Juni schlie\u00dflich Ankunft in Lissabon<\/a>.<\/p>\n","protected":false},"excerpt":{"rendered":"<p>Juli 1982: Wir kommen nach \u00fcber 1.000 km mit dem Fahrrad in Le Grau-du-Roi am Mittelmeer an &#8211; Stephan Sievers, Matthias H\u00f6schele und ich &#8211; und schon denken wir \u00fcber m\u00f6gliche Ziele f\u00fcr die n\u00e4chste Tour nach.\u00a0 Atlantik klingt magisch und soll das Ziel der n\u00e4chsten Fahrradtour werden.\u00a0 Aber irgendwie waren dann jahrelang andere Dinge &hellip; <\/p>\n<p class=\"link-more\"><a href=\"https:\/\/dieter-radelt.de\/?page_id=2\" class=\"more-link\"><span class=\"screen-reader-text\">\u201eDie Idee\u201c<\/span> weiterlesen<\/a><\/p>\n","protected":false},"author":1,"featured_media":0,"parent":0,"menu_order":0,"comment_status":"open","ping_status":"open","template":"","meta":{"jetpack_post_was_ever_published":false},"jetpack_sharing_enabled":true,"jetpack_shortlink":"https:\/\/wp.me\/P8rrdX-2","jetpack_likes_enabled":true,"_links":{"self":[{"href":"https:\/\/dieter-radelt.de\/index.php?rest_route=\/wp\/v2\/pages\/2"}],"collection":[{"href":"https:\/\/dieter-radelt.de\/index.php?rest_route=\/wp\/v2\/pages"}],"about":[{"href":"https:\/\/dieter-radelt.de\/index.php?rest_route=\/wp\/v2\/types\/page"}],"author":[{"embeddable":true,"href":"https:\/\/dieter-radelt.de\/index.php?rest_route=\/wp\/v2\/users\/1"}],"replies":[{"embeddable":true,"href":"https:\/\/dieter-radelt.de\/index.php?rest_route=%2Fwp%2Fv2%2Fcomments&post=2"}],"version-history":[{"count":12,"href":"https:\/\/dieter-radelt.de\/index.php?rest_route=\/wp\/v2\/pages\/2\/revisions"}],"predecessor-version":[{"id":1489,"href":"https:\/\/dieter-radelt.de\/index.php?rest_route=\/wp\/v2\/pages\/2\/revisions\/1489"}],"wp:attachment":[{"href":"https:\/\/dieter-radelt.de\/index.php?rest_route=%2Fwp%2Fv2%2Fmedia&parent=2"}],"curies":[{"name":"wp","href":"https:\/\/api.w.org\/{rel}","templated":true}]}}